{"id":20635,"date":"2022-01-26T18:06:57","date_gmt":"2022-01-26T17:06:57","guid":{"rendered":"https:\/\/dev2.wfg-kreis-viersen.de\/gruendergeschichten\/"},"modified":"2022-04-29T09:21:51","modified_gmt":"2022-04-29T07:21:51","slug":"startup-stories","status":"publish","type":"page","link":"https:\/\/dev2.wfg-kreis-viersen.de\/en\/startup-stories\/","title":{"rendered":"Startup stories"},"content":{"rendered":"<p>[vc_row css=&#8221;.vc_custom_1644392584085{margin-bottom: 120px !important;}&#8221;][vc_column offset=&#8221;vc_col-lg-8 vc_col-md-10&#8243;][vc_column_text]<\/p>\n<h1>Startup stories<\/h1>\n<h2>Courage on the road to success<\/h2>\n<p>[\/vc_column_text][vc_column_text css=&#8221;.vc_custom_1648729696993{margin-bottom: 15px !important;padding-top: 0px !important;}&#8221;]<strong>The WFG has helped many startups. The following is a brief introduction to some of them; these are success stories that can teach and inspire other startups.<\/strong>[\/vc_column_text][vc_column_text css=&#8221;.vc_custom_1648729702611{margin-bottom: 15px !important;padding-top: 0px !important;}&#8221;]We hope that these fascinating stories will encourage startups to execute their creative ideas. The examples show how versatile starting a business can be. In an interview, successful startups also explain what you should pay attention to in the initial phase.[\/vc_column_text][\/vc_column][vc_column width=&#8221;1\/3&#8243;][\/vc_column][\/vc_row][vc_row full_width=&#8221;stretch_row&#8221; css=&#8221;.vc_custom_1643988706123{margin-bottom: 0px !important;}&#8221; el_class=&#8221;diagonal-grau&#8221;][vc_column][vc_column_text]<ul class=\"post-list-layout-stories\"><li>\r\n\t<div class=\"card mb-5\">\r\n\t  <div class=\"row no-gutters\">\r\n\t    <div class=\"col-md-5 col-xl-4 align-self-top text-center image\" style=\"background-image: url('https:\/\/dev2.wfg-kreis-viersen.de\/wp-content\/uploads\/2024\/03\/Shadi-1024x684.png')\">\r\n\t    <\/div>\r\n\t    <div class=\"col-md-7 col-xl-8\">\r\n\t      <div class=\"card-body p-5\">\r\n\t        <h5 class=\"card-title\">Taekwondo f\u00fcr Jung und Alt (Shadi\u2018s Sportcenter)<\/h5>\r\n\t        <p class=\"card-text pb-3\">\r\n\t\t\t\t\t\t\t\t[vc_row][vc_column][vc_column_text] Auch dank Unterst\u00fctzung durch die WFG Kreis Viersen wurde diese Unternehmensgr\u00fcndung zu einer Erfolgsgeschichte [\/vc_column_text][\/vc_column][\/vc_row][vc_row][vc_column][vc_column_text][\/vc_column_text][\/vc_column][\/vc_row][vc_row][vc_column][vc_column_text]2015 kam Shadi Akadri aus Syrien nach Deutschland. F\u00fcr ihn war es immer wichtig, in seiner neuen Heimat beruflich etwas auf die Beine zu stellen. Seine Idee war es, zwei gro\u00dfe Leidenschaften miteinander zu verbinden: die asiatische Kampfsportkunst und die [&hellip;]\t\t\t<\/p>\r\n\t\t\t<div class=\"button-filled button-sm\">\r\n\t\t\t\t<a href=\"https:\/\/dev2.wfg-kreis-viersen.de\/en\/gruender-geschichten\/taekwondo-fuer-jung-und-alt-shadis-sportcenter\/\" class=\"stretched-link\">more<\/a>\r\n\t\t\t<\/div>\r\n\t      <\/div>\r\n\r\n\t    <\/div>\r\n\t  <\/div>\r\n\t<\/div>\r\n<\/li><li>\r\n\t<div class=\"card mb-5\">\r\n\t  <div class=\"row no-gutters\">\r\n\t    <div class=\"col-md-5 col-xl-4 align-self-top text-center image\" style=\"background-image: url('https:\/\/dev2.wfg-kreis-viersen.de\/wp-content\/uploads\/2024\/02\/Screenshot-1-1024x576.jpg')\">\r\n\t    <\/div>\r\n\t    <div class=\"col-md-7 col-xl-8\">\r\n\t      <div class=\"card-body p-5\">\r\n\t        <h5 class=\"card-title\">Ausgew\u00e4hlte skandinavische Damenmode (Somegoodbrands)<\/h5>\r\n\t        <p class=\"card-text pb-3\">\r\n\t\t\t\t\t\t\t\t[vc_row][vc_column][vc_column_text] Auch dank Unterst\u00fctzung durch die WFG Kreis Viersen wurde diese Unternehmensgr\u00fcndung zu einer Erfolgsgeschichte [\/vc_column_text][\/vc_column][\/vc_row][vc_row][vc_column][vc_column_text][\/vc_column_text][\/vc_column][\/vc_row][vc_row][vc_column][vc_column_text]Gr\u00fcnderinnen und Gr\u00fcnder brauchen Mut. Den hat Vanessa Feldt auf besonders beeindruckende Weise bewiesen. \u201eDie Gr\u00fcnderin aus D\u00fclken ist ein hervorragendes Beispiel daf\u00fcr, wie man mit R\u00fcckschl\u00e4gen konstruktiv umgehen kann\u201c, sagt Mathias Brockmann, der sich als WFG-Gr\u00fcndungsberater um junge Unternehmen [&hellip;]\t\t\t<\/p>\r\n\t\t\t<div class=\"button-filled button-sm\">\r\n\t\t\t\t<a href=\"https:\/\/dev2.wfg-kreis-viersen.de\/en\/gruender-geschichten\/ausgewaehlte-skandinavische-damenmode-somegoodbrands\/\" class=\"stretched-link\">more<\/a>\r\n\t\t\t<\/div>\r\n\t      <\/div>\r\n\r\n\t    <\/div>\r\n\t  <\/div>\r\n\t<\/div>\r\n<\/li><li>\r\n\t<div class=\"card mb-5\">\r\n\t  <div class=\"row no-gutters\">\r\n\t    <div class=\"col-md-5 col-xl-4 align-self-top text-center image\" style=\"background-image: url('https:\/\/dev2.wfg-kreis-viersen.de\/wp-content\/uploads\/2023\/12\/2023-12-07-Reisereif.jpg')\">\r\n\t    <\/div>\r\n\t    <div class=\"col-md-7 col-xl-8\">\r\n\t      <div class=\"card-body p-5\">\r\n\t        <h5 class=\"card-title\">Traumreisen f\u00fcr reifere Menschen (Reisereif)<\/h5>\r\n\t        <p class=\"card-text pb-3\">\r\n\t\t\t\t\t\t\t\t[vc_row][vc_column][vc_column_text] Auch dank Unterst\u00fctzung durch die WFG Kreis Viersen wurde diese Unternehmensgr\u00fcndung zu einer Erfolgsgeschichte [\/vc_column_text][\/vc_column][\/vc_row][vc_row][vc_column][vc_column_text][\/vc_column_text][\/vc_column][\/vc_row][vc_row][vc_column][vc_column_text]Unter Existenzgr\u00fcndern stellt man sich in der Regel junge Menschen vor, die eine Idee verwirklichen und sich damit selbstst\u00e4ndig machen wollen. Dass aber auch \u00e4ltere Menschen sich noch ihren Lebenstraum des eigenen Unternehmens erf\u00fcllen k\u00f6nnen, stellt Christoph F. Bovie unter [&hellip;]\t\t\t<\/p>\r\n\t\t\t<div class=\"button-filled button-sm\">\r\n\t\t\t\t<a href=\"https:\/\/dev2.wfg-kreis-viersen.de\/en\/gruender-geschichten\/traumreisen-fuer-reifere-menschen-reisereif\/\" class=\"stretched-link\">more<\/a>\r\n\t\t\t<\/div>\r\n\t      <\/div>\r\n\r\n\t    <\/div>\r\n\t  <\/div>\r\n\t<\/div>\r\n<\/li><li>\r\n\t<div class=\"card mb-5\">\r\n\t  <div class=\"row no-gutters\">\r\n\t    <div class=\"col-md-5 col-xl-4 align-self-top text-center image\" style=\"background-image: url('https:\/\/dev2.wfg-kreis-viersen.de\/wp-content\/uploads\/2023\/11\/2023-11-29-Nachhaltige-Produkte-fuer-Kinder.png')\">\r\n\t    <\/div>\r\n\t    <div class=\"col-md-7 col-xl-8\">\r\n\t      <div class=\"card-body p-5\">\r\n\t        <h5 class=\"card-title\">Nachhaltige Produkte f\u00fcr Kinder (miniundmali)<\/h5>\r\n\t        <p class=\"card-text pb-3\">\r\n\t\t\t\t\t\t\t\t[vc_row][vc_column][vc_column_text] Auch dank Unterst\u00fctzung durch die WFG Kreis Viersen wurde diese Unternehmensgr\u00fcndung zu einer Erfolgsgeschichte [\/vc_column_text][\/vc_column][\/vc_row][vc_row][vc_column][vc_column_text][\/vc_column_text][\/vc_column][\/vc_row][vc_row][vc_column][vc_column_text]Junge Unternehmer m\u00fcssen R\u00fcckschl\u00e4ge wegstecken k\u00f6nnen: Das hat Vanessa Feldt (27) gleich im ersten Jahr gelernt, nachdem sie ihren Concept Store \u201eminiundmali\u201c im Viersener Stadtteil D\u00fclken er\u00f6ffnet hatte. Schon bald danach brannte ihr Laden mit nachhaltigen Produkten f\u00fcr Kinder aus. [&hellip;]\t\t\t<\/p>\r\n\t\t\t<div class=\"button-filled button-sm\">\r\n\t\t\t\t<a href=\"https:\/\/dev2.wfg-kreis-viersen.de\/en\/gruender-geschichten\/nachhaltige-produkte-fuer-kinder-miniundmali\/\" class=\"stretched-link\">more<\/a>\r\n\t\t\t<\/div>\r\n\t      <\/div>\r\n\r\n\t    <\/div>\r\n\t  <\/div>\r\n\t<\/div>\r\n<\/li><li>\r\n\t<div class=\"card mb-5\">\r\n\t  <div class=\"row no-gutters\">\r\n\t    <div class=\"col-md-5 col-xl-4 align-self-top text-center image\" style=\"background-image: url('https:\/\/dev2.wfg-kreis-viersen.de\/wp-content\/uploads\/2023\/08\/Willicher-Pils-Schuster-Heyes-Kramer.jpg')\">\r\n\t    <\/div>\r\n\t    <div class=\"col-md-7 col-xl-8\">\r\n\t      <div class=\"card-body p-5\">\r\n\t        <h5 class=\"card-title\">Christoph Heyes und die Neue Willicher Brauerei UG (Willicher Pils)<\/h5>\r\n\t        <p class=\"card-text pb-3\">\r\n\t\t\t\t\t\t\t\t[vc_row][vc_column][vc_column_text] Auch dank Unterst\u00fctzung durch die WFG Kreis Viersen wurde diese Unternehmensgr\u00fcndung zu einer Erfolgsgeschichte [\/vc_column_text][\/vc_column][\/vc_row][vc_row][vc_column][vc_column_text][\/vc_column_text][\/vc_column][\/vc_row][vc_row][vc_column][vc_column_text]\u201eBier braucht Heimat\u201c: Davon ist Christoph Heyes \u00fcberzeugt. 2020 setzte er seine \u00dcberzeugung in die Tat um und gr\u00fcndete gemeinsam mit Stephan Kramer und Frank Schuster die \u201eNeue Willicher Brauerei UG\u201c. Eine Erfolgsgeschichte, wie man inzwischen wei\u00df: Es ist ihnen [&hellip;]\t\t\t<\/p>\r\n\t\t\t<div class=\"button-filled button-sm\">\r\n\t\t\t\t<a href=\"https:\/\/dev2.wfg-kreis-viersen.de\/en\/gruender-geschichten\/christoph-heyes-und-die-neue-willicher-brauerei-ug-willicher-pils\/\" class=\"stretched-link\">more<\/a>\r\n\t\t\t<\/div>\r\n\t      <\/div>\r\n\r\n\t    <\/div>\r\n\t  <\/div>\r\n\t<\/div>\r\n<\/li><\/ul><style>\/* post-list-stories *\/\r\n\r\nul.post-list-layout-stories{\r\n    list-style: none;\r\n    padding-left: 0;\r\n}\r\n\r\nul.post-list-layout-stories li{\r\n    transition: all 0.3s;\r\n}\r\n\r\nul.post-list-layout-stories li:hover{\r\n    transition: all 0.3s;\r\n    box-shadow: rgba(100, 100, 100, 0.2) 0px 7px 15px 0px;\r\n}\r\n\r\nul.post-list-layout-stories li .image{\r\n    background-size: cover;\r\n    background-position: center;\r\n    background-repeat: no-repeat;\r\n    min-height: 250px;\r\n}\r\n<\/style>[\/vc_column_text][\/vc_column][\/vc_row][vc_row full_width=&#8221;stretch_row&#8221; el_class=&#8221;diagonal-blau&#8221; css=&#8221;.vc_custom_1643988647626{margin-bottom: 120px !important;}&#8221;][vc_column][vc_column_text]<\/p>\n<h2 style=\"text-align: center;\">Tell us your story<\/h2>\n<p>[\/vc_column_text][vc_row_inner][vc_column_inner width=&#8221;2\/12&#8243;][\/vc_column_inner][vc_column_inner width=&#8221;8\/12&#8243;][vc_column_text]<\/p>\n<p style=\"text-align: center;\">Are you a startup with a great story to tell? Have you achieved business success, or have you made mistakes and learned from them? We are always looking for good examples and interlocutors for various purposes. <a href=\"https:\/\/dev2.wfg-kreis-viersen.de\/en\/kontakt\/\">Contact us here.<\/a><\/p>\n<p style=\"text-align: center;\">We look forward to hearing your story.<\/p>\n<p>[\/vc_column_text][\/vc_column_inner][vc_column_inner width=&#8221;2\/12&#8243;][\/vc_column_inner][\/vc_row_inner][\/vc_column][\/vc_row][vc_row][vc_column][vc_column_text el_class=&#8221;h2-headline&#8221;]<\/p>\n<h2 style=\"text-align: center;\">If you still have questions,<\/h2>\n<p style=\"text-align: center;\">I am happy to help.<\/p>\n<p>[\/vc_column_text]<div class=\"owl-carousel owl-theme team-carousel-standard-1\" data-owl-carousel-options=\"{&quot;responsive&quot;:{&quot;0&quot;:{&quot;items&quot;:1,&quot;margin&quot;:0,&quot;loop&quot;:false,&quot;nav&quot;:false,&quot;dots&quot;:false,&quot;autoplay&quot;:false},&quot;576&quot;:{&quot;items&quot;:1,&quot;margin&quot;:0,&quot;loop&quot;:false,&quot;nav&quot;:false,&quot;dots&quot;:false,&quot;autoplay&quot;:false},&quot;768&quot;:{&quot;items&quot;:2,&quot;margin&quot;:0,&quot;loop&quot;:false,&quot;nav&quot;:false,&quot;dots&quot;:false,&quot;autoplay&quot;:false},&quot;992&quot;:{&quot;items&quot;:3,&quot;margin&quot;:0,&quot;loop&quot;:false,&quot;nav&quot;:false,&quot;dots&quot;:false,&quot;autoplay&quot;:false},&quot;1200&quot;:{&quot;items&quot;:4,&quot;margin&quot;:0,&quot;loop&quot;:false,&quot;nav&quot;:false,&quot;dots&quot;:false,&quot;autoplay&quot;:false}},&quot;stagePadding&quot;:0,&quot;center&quot;:false}\">\n\t\t\t<div class=\"item\">\n\t\t\t<div class=\"card\">\n\t\t\t\t\n\t\t\t\t<div class=\"card-img\" style=\"background-image:url('https:\/\/dev2.wfg-kreis-viersen.de\/wp-content\/uploads\/2022\/01\/wfg_jan-niclas-mueller_150x150px.jpg');\"><\/div>\n\t\t\t\t<div class=\"card-body\">\n\t\t\t\t\t<h5 class=\"card-title mb-0\">Jan-Niclas M\u00fcller<\/h5>\n\t\t\t\t\t<div class=\"position mb-3\">Startup Desk Advisor<\/div><div class=\"telefon\"><i class=\"fas fa-phone-alt\"><\/i> <a href=\"tel:49021628179115\">+49 (0)2162 \u2013 8179-115<\/a><\/div>\t\t\t\t<\/div>\n\t\t\t\t<div class=\"card-footer\">\n\t\t\t\t<div class=\"social-media button-filled\"><a href=\"mailto:jan-niclas.mueller@wfg-kreis-viersen.de\"><i class=\"fas fa-envelope\"><\/i><\/a><a href=\"https:\/\/de.linkedin.com\/in\/jan-niclas-m%C3%BCller-719967ba\" target=\"_blank\"><i class=\"fab fa-linkedin-in\"><\/i><\/a><a href=\"https:\/\/www.xing.com\/profile\/JanNiclas_Mueller2\" target=\"_blank\"><i class=\"fab fa-xing\"><\/i><\/a><\/div>\t\t\t\t<\/div>\n\n\t\t\t<\/div>\n\t\t<\/div>\n\t<\/div>[vc_column_text]<p>[vc_row disable_element=&#8221;yes&#8221; el_class=&#8221;kontakt-icons&#8221;][vc_column width=&#8221;1\/3&#8243;][\/vc_column][vc_column width=&#8221;1\/3&#8243;][\/vc_column][vc_column width=&#8221;1\/3&#8243;][\/vc_column][\/vc_row][vc_row][vc_column width=&#8221;1\/12&#8243; offset=&#8221;vc_hidden-sm vc_hidden-xs&#8221;][\/vc_column][vc_column offset=&#8221;vc_col-md-10&#8243;][vc_row_inner el_class=&#8221;kontakt-icons&#8221;][vc_column_inner width=&#8221;1\/3&#8243; offset=&#8221;vc_col-xs-6&#8243;][vc_column_text el_class=&#8221;kontakt-icon kontakt-icon-medien&#8221;]<a class=\"stretched-link\" href=\"https:\/\/dev2.wfg-kreis-viersen.de\/en\/media\/\">Media<\/a>[\/vc_column_text][\/vc_column_inner][vc_column_inner width=&#8221;1\/3&#8243; offset=&#8221;vc_col-xs-6&#8243;][vc_column_text el_class=&#8221;kontakt-icon kontakt-icon-formular&#8221;]<a class=\"stretched-link\" href=\"https:\/\/dev2.wfg-kreis-viersen.de\/en\/contact\/\"><span class=\"d-none d-md-inline\">Write to us<\/span><span class=\"d-md-none\">Contact<\/span><\/a>[\/vc_column_text][\/vc_column_inner][vc_column_inner width=&#8221;1\/3&#8243; offset=&#8221;vc_col-xs-12&#8243;][vc_column_text el_class=&#8221;kontakt-icon kontakt-icon-telefon&#8221;]<a class=\"stretched-link\" href=\"tel:+492162817901\"><span class=\"d-none d-lg-inline\">Phone:<\/span><span class=\"d-lg-none\">Phone:<\/span> (0)2162 \u2013 8179-01<\/a>[\/vc_column_text][\/vc_column_inner][\/vc_row_inner][\/vc_column][vc_column width=&#8221;1\/12&#8243; offset=&#8221;vc_hidden-sm vc_hidden-xs&#8221;][\/vc_column][\/vc_row]<\/p>\n[\/vc_column_text][\/vc_column][\/vc_row]<\/p>\n","protected":false},"excerpt":{"rendered":"<p>[vc_row css=&#8221;.vc_custom_1644392584085{margin-bottom: 120px !important;}&#8221;][vc_column offset=&#8221;vc_col-lg-8 vc_col-md-10&#8243;][vc_column_text] Startup stories Courage on the road to success [\/vc_column_text][vc_column_text css=&#8221;.vc_custom_1648729696993{margin-bottom: 15px !important;padding-top: 0px !important;}&#8221;]The WFG has helped many startups. The following is a brief introduction to some of them; these are success stories that can teach and inspire other startups.[\/vc_column_text][vc_column_text css=&#8221;.vc_custom_1648729702611{margin-bottom: 15px !important;padding-top: 0px !important;}&#8221;]We hope that these fascinating [&hellip;]<\/p>\n","protected":false},"author":1,"featured_media":21532,"parent":0,"menu_order":0,"comment_status":"closed","ping_status":"closed","template":"","meta":{"inline_featured_image":false},"_links":{"self":[{"href":"https:\/\/dev2.wfg-kreis-viersen.de\/en\/wp-json\/wp\/v2\/pages\/20635"}],"collection":[{"href":"https:\/\/dev2.wfg-kreis-viersen.de\/en\/wp-json\/wp\/v2\/pages"}],"about":[{"href":"https:\/\/dev2.wfg-kreis-viersen.de\/en\/wp-json\/wp\/v2\/types\/page"}],"author":[{"embeddable":true,"href":"https:\/\/dev2.wfg-kreis-viersen.de\/en\/wp-json\/wp\/v2\/users\/1"}],"replies":[{"embeddable":true,"href":"https:\/\/dev2.wfg-kreis-viersen.de\/en\/wp-json\/wp\/v2\/comments?post=20635"}],"version-history":[{"count":4,"href":"https:\/\/dev2.wfg-kreis-viersen.de\/en\/wp-json\/wp\/v2\/pages\/20635\/revisions"}],"predecessor-version":[{"id":21262,"href":"https:\/\/dev2.wfg-kreis-viersen.de\/en\/wp-json\/wp\/v2\/pages\/20635\/revisions\/21262"}],"wp:featuredmedia":[{"embeddable":true,"href":"https:\/\/dev2.wfg-kreis-viersen.de\/en\/wp-json\/wp\/v2\/media\/21532"}],"wp:attachment":[{"href":"https:\/\/dev2.wfg-kreis-viersen.de\/en\/wp-json\/wp\/v2\/media?parent=20635"}],"curies":[{"name":"wp","href":"https:\/\/api.w.org\/{rel}","templated":true}]}}