{"id":20440,"date":"2022-01-26T18:15:40","date_gmt":"2022-01-26T17:15:40","guid":{"rendered":"https:\/\/dev2.wfg-kreis-viersen.de\/smart\/"},"modified":"2022-03-31T14:49:04","modified_gmt":"2022-03-31T12:49:04","slug":"smart","status":"publish","type":"page","link":"https:\/\/dev2.wfg-kreis-viersen.de\/en\/smart\/","title":{"rendered":"Smart"},"content":{"rendered":"<p>[vc_row css=&#8221;.vc_custom_1644392584085{margin-bottom: 120px !important;}&#8221;][vc_column offset=&#8221;vc_col-lg-8 vc_col-md-10&#8243;][vc_column_text]<\/p>\n<h1>Smart<\/h1>\n<h2>The future is smart<\/h2>\n<p>[\/vc_column_text][vc_column_text css=&#8221;.vc_custom_1648730910200{margin-bottom: 15px !important;padding-top: 0px !important;}&#8221;]<strong>Digitalisation, technical progress and social change will change Germany in the coming years. The fourth industrial revolution has begun. Smart industry, people, machines and products are directly connected. Companies and staff must adapt to the changing work environment with big data and automated processes. <\/strong>[\/vc_column_text][vc_column_text]The digital transformation is advancing and gaining a foothold with modern, connected and smart technology. Products and services are being redesigned\u2014from design and construction to manufacturing, sales and support. In Kreis Viersen, we are actively shaping this process and are pioneers in this field: blockchain, cloud services, artificial intelligence and cyber defence are the topics of the future. We will all have to deal with it. The themes of sustainability, climate change and the changing working environment are also affected.[\/vc_column_text][\/vc_column][vc_column width=&#8221;1\/3&#8243;][\/vc_column][\/vc_row][vc_row full_width=&#8221;stretch_row&#8221; disable_element=&#8221;yes&#8221; el_class=&#8221;diagonal-grau mehr-wissen&#8221; css=&#8221;.vc_custom_1644407556367{margin-bottom: 120px !important;}&#8221;][vc_column][vc_column_text css=&#8221;.vc_custom_1644406737316{margin-bottom: 60px !important;}&#8221;]<\/p>\n<h2 style=\"text-align: center;\">F\u00fcr morgen ger\u00fcstet<\/h2>\n<p>[\/vc_column_text][\/vc_column][vc_column offset=&#8221;vc_col-md-4&#8243;][vc_row_inner][vc_column_inner width=&#8221;1\/4&#8243; offset=&#8221;vc_col-md-12&#8243;][vc_single_image image=&#8221;18798&#8243; img_size=&#8221;full&#8221; el_class=&#8221;injectable text-md-center&#8221; css=&#8221;.vc_custom_1643980203587{margin-bottom: 0px !important;}&#8221;][\/vc_column_inner][vc_column_inner width=&#8221;3\/4&#8243; offset=&#8221;vc_col-md-12&#8243;][vc_column_text el_class=&#8221;text-lg-center&#8221;]<\/p>\n<h3>Impulsgeber<\/h3>\n<p>Wir sind f\u00fcr den Kreis Viersen und seine Kommunen Impulsgeber und kompetenter Ansprechpartner in allen touristischen Fragen. Als Gesellschafter der regionalen Destinationsmarketingorganisation (DMO), Niederrhein Tourismus GmbH erfolgt unsere Tourismusf\u00f6rderung und -koordinierung im Kreis Viersen im Rahmen der regionalen Tourismusstrategie von Niederrhein Tourismus und beteiligen uns am \u00fcberregionalen Marketing der Niederrhein Tourismus GmbH.[\/vc_column_text][\/vc_column_inner][\/vc_row_inner][\/vc_column][vc_column offset=&#8221;vc_col-md-4&#8243;][vc_row_inner][vc_column_inner width=&#8221;1\/4&#8243; offset=&#8221;vc_col-md-12&#8243;][vc_single_image image=&#8221;18798&#8243; img_size=&#8221;full&#8221; el_class=&#8221;injectable text-md-center&#8221; css=&#8221;.vc_custom_1643980203587{margin-bottom: 0px !important;}&#8221;][\/vc_column_inner][vc_column_inner width=&#8221;3\/4&#8243; offset=&#8221;vc_col-md-12&#8243;][vc_column_text el_class=&#8221;text-lg-center&#8221;]<\/p>\n<h3>Qualit\u00e4tsmanagement<\/h3>\n<p>Wir f\u00fchren Klassifizierungen von Ferienwohnungen und Hotels durch und unterst\u00fctzen damit das touristische Qualit\u00e4tsmanagement in den Kommunen des Kreises Viersen. Damit tragen wir zu einer F\u00f6rderung und Weiterentwicklung der Tourismuswirtschaft und zur Zukunftsf\u00e4higkeit unserer Tourismusregion bei.[\/vc_column_text][\/vc_column_inner][\/vc_row_inner][\/vc_column][vc_column offset=&#8221;vc_col-md-4&#8243;][vc_row_inner][vc_column_inner width=&#8221;1\/4&#8243; offset=&#8221;vc_col-md-12&#8243;][vc_single_image image=&#8221;18798&#8243; img_size=&#8221;full&#8221; el_class=&#8221;injectable text-md-center&#8221; css=&#8221;.vc_custom_1643980203587{margin-bottom: 0px !important;}&#8221;][\/vc_column_inner][vc_column_inner width=&#8221;3\/4&#8243; offset=&#8221;vc_col-md-12&#8243;][vc_column_text el_class=&#8221;text-lg-center&#8221;]<\/p>\n<h3>Netzwerke und Projekte<\/h3>\n<p>Wir sind Gesellschafter der Niederrhein Tourismus GmbH und vertreten dort die touristischen Interessen der Kommunen des Kreises Viersen. Wir engagieren uns in touristischen Netzwerken und Arbeitskreisen der Niederrhein Tourismus GmbH und repr\u00e4sentieren den Kreis und seine Kommunen auf regionalen und \u00fcberregionalen Messen gemeinsam mit Niederrhein Tourismus unter der Regionalmarke \u201eNiederrhein so gut- soweit\u201c. An Projekten etwa zu Digitalisierung und Daten Hub beteiligen wir uns im Sinne der Kommunen.[\/vc_column_text][\/vc_column_inner][\/vc_row_inner][\/vc_column][\/vc_row][vc_row full_width=&#8221;stretch_row&#8221; disable_element=&#8221;yes&#8221; el_class=&#8221;diagonal-grau&#8221; css=&#8221;.vc_custom_1644485610252{margin-bottom: 120px !important;}&#8221;][vc_column][vc_column_text css=&#8221;.vc_custom_1644407574372{margin-bottom: 60px !important;}&#8221;]<\/p>\n<h2 style=\"text-align: center;\">F\u00fcr morgen ger\u00fcstet<\/h2>\n<p>[\/vc_column_text][vc_row_inner el_class=&#8221;mehr-wissen&#8221;][vc_column_inner width=&#8221;1\/3&#8243; offset=&#8221;vc_col-lg-2&#8243;][vc_single_image image=&#8221;19386&#8243; img_size=&#8221;full&#8221; el_class=&#8221;injectable text-md-center&#8221;][vc_column_text]<\/p>\n<p style=\"text-align: center;\">Nachhaltigkeit<\/p>\n<p>[\/vc_column_text][\/vc_column_inner][vc_column_inner width=&#8221;1\/3&#8243; offset=&#8221;vc_col-lg-2&#8243;][vc_single_image image=&#8221;19362&#8243; img_size=&#8221;full&#8221; el_class=&#8221;injectable text-md-center&#8221;][vc_column_text]<\/p>\n<p style=\"text-align: center;\">Blockchain<\/p>\n<p>[\/vc_column_text][\/vc_column_inner][vc_column_inner width=&#8221;1\/3&#8243; offset=&#8221;vc_col-lg-2&#8243;][vc_single_image image=&#8221;19373&#8243; img_size=&#8221;full&#8221; el_class=&#8221;injectable text-md-center&#8221;][vc_column_text]<\/p>\n<p style=\"text-align: center;\">Cloud<\/p>\n<p>[\/vc_column_text][\/vc_column_inner][vc_column_inner width=&#8221;1\/3&#8243; offset=&#8221;vc_col-lg-2&#8243;][vc_single_image image=&#8221;19376&#8243; img_size=&#8221;full&#8221; el_class=&#8221;injectable text-md-center&#8221;][vc_column_text]<\/p>\n<p style=\"text-align: center;\">K\u00fcnstliche Intelligenz<\/p>\n<p>[\/vc_column_text][\/vc_column_inner][vc_column_inner width=&#8221;1\/3&#8243; offset=&#8221;vc_col-lg-2&#8243;][vc_single_image image=&#8221;19379&#8243; img_size=&#8221;full&#8221; el_class=&#8221;injectable text-md-center&#8221;][vc_column_text]<\/p>\n<p style=\"text-align: center;\">Cyber-Resilienz<\/p>\n<p>[\/vc_column_text][\/vc_column_inner][vc_column_inner width=&#8221;1\/3&#8243; offset=&#8221;vc_col-lg-2&#8243;][vc_single_image image=&#8221;19382&#8243; img_size=&#8221;full&#8221; el_class=&#8221;injectable text-md-center&#8221;][vc_column_text]<\/p>\n<p style=\"text-align: center;\">New Work<\/p>\n<p>[\/vc_column_text][\/vc_column_inner][\/vc_row_inner][\/vc_column][\/vc_row][vc_row disable_element=&#8221;yes&#8221; css=&#8221;.vc_custom_1644485633377{margin-bottom: 120px !important;}&#8221;][vc_column][vc_column_text]<\/p>\n<h2 style=\"text-align: center;\">Aktuelles &amp; Termine<\/h2>\n<p>[\/vc_column_text][vc_column_text][\/vc_column_text][vc_column_text][\/vc_column_text][\/vc_column][\/vc_row][vc_row full_width=&#8221;stretch_row&#8221; el_class=&#8221;diagonal-blau&#8221; css=&#8221;.vc_custom_1647245693320{margin-bottom: 0px !important;}&#8221;][vc_column][vc_column_text css=&#8221;.vc_custom_1647245783116{margin-bottom: 60px !important;}&#8221;]<\/p>\n<h2 style=\"text-align: center;\">Innovations- und Zukunftsb\u00fcro der Hochschule Niederrhein<\/h2>\n<p>[\/vc_column_text][vc_row_inner][vc_column_inner width=&#8221;2\/12&#8243;][\/vc_column_inner][vc_column_inner width=&#8221;8\/12&#8243;][vc_column_text]<\/p>\n<p style=\"text-align: center;\">Mit dem Innovations- und Zukunftsb\u00fcro unterh\u00e4lt die Hochschule Niederrhein einen Au\u00dfenstandort in den R\u00e4umlichkeiten des Wirtschaftsf\u00f6rderungsgesellschaft Kreis Viersen mbH.<\/p>\n<p style=\"text-align: center;\">Gemeinsam mit der Hochschule Niederrhein steht die praxisnahe Kooperation im Vordergrund. Das Innovations- und Zukunftsb\u00fcro f\u00f6rdert in enger Abstimmung mit der WFG den Technologie- und Wissenstransfer zwischen der Hochschule sowie der Bev\u00f6lkerung und regionalen Unternehmen. Es steht im st\u00e4ndigen Dialog mit Unternehmerschaft und Verb\u00e4nden, dadurch werden Projekte mit kleinen und mittleren Unternehmen unterst\u00fctzt und initiiert. Wissenschaft, Gesellschaft und Wirtschaft werden enger zusammengebracht. Dies sorgt f\u00fcr eine enge Verzahnung von Wissenschaftlern mit starken Partnern in Wirtschaft und Industrie im Bereich \u201esmart und regenerativ\u201c \u2013 den Zukunftsfeldern der WFG.<\/p>\n<p style=\"text-align: center;\">Ansprechpartner f\u00fcr B\u00fcrgerinnen und B\u00fcrger, Schulen, Unternehmen und Kommunen ist<br \/>\n<a href=\"#ansprechpartner\">Dr. Joachim Schick<\/a><\/p>\n<p>[\/vc_column_text][\/vc_column_inner][vc_column_inner width=&#8221;2\/12&#8243;][\/vc_column_inner][\/vc_row_inner][\/vc_column][\/vc_row][vc_row full_width=&#8221;stretch_row&#8221; el_class=&#8221;diagonal-grau&#8221; css=&#8221;.vc_custom_1643976168833{margin-bottom: 120px !important;}&#8221;][vc_column][vc_column_text]<\/p>\n<h2 style=\"text-align: center;\">Ready for the future<\/h2>\n<p>[\/vc_column_text][vc_row_inner][vc_column_inner width=&#8221;2\/12&#8243;][\/vc_column_inner][vc_column_inner width=&#8221;8\/12&#8243;][vc_column_text]<\/p>\n<p style=\"text-align: center;\">We work for you with innovative and future-oriented methods. Future themes featuring high-level speakers with extensive practical experience are a regular part of our meetings. For August 2022, we are planning the Smart Destination conference in Kreis Viersen. We want to answer central questions about the future of companies in Kreis Viersen and lay the foundation for working on a smart future together.<\/p>\n<p>[\/vc_column_text][\/vc_column_inner][vc_column_inner width=&#8221;2\/12&#8243;][\/vc_column_inner][\/vc_row_inner][\/vc_column][\/vc_row][vc_row el_id=&#8221;ansprechpartner&#8221;][vc_column][vc_column_text el_class=&#8221;h2-headline&#8221;]<\/p>\n<h2 style=\"text-align: center;\">If you still have questions,<\/h2>\n<p style=\"text-align: center;\">I am happy to help.<\/p>\n<p>[\/vc_column_text]<div class=\"owl-carousel owl-theme team-carousel-standard-1\" data-owl-carousel-options=\"{&quot;responsive&quot;:{&quot;0&quot;:{&quot;items&quot;:1,&quot;margin&quot;:0,&quot;loop&quot;:false,&quot;nav&quot;:false,&quot;dots&quot;:false,&quot;autoplay&quot;:false},&quot;576&quot;:{&quot;items&quot;:1,&quot;margin&quot;:0,&quot;loop&quot;:false,&quot;nav&quot;:false,&quot;dots&quot;:false,&quot;autoplay&quot;:false},&quot;768&quot;:{&quot;items&quot;:2,&quot;margin&quot;:0,&quot;loop&quot;:false,&quot;nav&quot;:false,&quot;dots&quot;:false,&quot;autoplay&quot;:false},&quot;992&quot;:{&quot;items&quot;:3,&quot;margin&quot;:0,&quot;loop&quot;:false,&quot;nav&quot;:false,&quot;dots&quot;:false,&quot;autoplay&quot;:false},&quot;1200&quot;:{&quot;items&quot;:4,&quot;margin&quot;:0,&quot;loop&quot;:false,&quot;nav&quot;:false,&quot;dots&quot;:false,&quot;autoplay&quot;:false}},&quot;stagePadding&quot;:0,&quot;center&quot;:false}\">\n\t\t\t<div class=\"item\">\n\t\t\t<div class=\"card\">\n\t\t\t\t\n\t\t\t\t<div class=\"card-img\" style=\"background-image:url('https:\/\/dev2.wfg-kreis-viersen.de\/wp-content\/uploads\/2017\/02\/foto_armin_moeller-1-300x130.png');\"><\/div>\n\t\t\t\t<div class=\"card-body\">\n\t\t\t\t\t<h5 class=\"card-title mb-0\">Armin M\u00f6ller<\/h5>\n\t\t\t\t\t<div class=\"position mb-3\">Project Manager \u2022 Subsidy advice \u2022 Project development \u2022 German-Dutch cooperation<\/div><div class=\"telefon\"><i class=\"fas fa-phone-alt\"><\/i> <a href=\"tel:49021628179106\">+49 (0)2162 \u2013 8179-106<\/a><\/div>\t\t\t\t<\/div>\n\t\t\t\t<div class=\"card-footer\">\n\t\t\t\t<div class=\"social-media button-filled\"><a href=\"mailto:armin.moeller@wfg-kreis-viersen.de\"><i class=\"fas fa-envelope\"><\/i><\/a><a href=\"https:\/\/de.linkedin.com\/in\/armin-m%C3%B6ller-1ab793b3\" target=\"_blank\"><i class=\"fab fa-linkedin-in\"><\/i><\/a><a href=\"https:\/\/www.xing.com\/profile\/Armin_Moeller5\" target=\"_blank\"><i class=\"fab fa-xing\"><\/i><\/a><a href=\"https:\/\/twitter.com\/WFGKreisViersen\" target=\"_blank\"><i class=\"fab fa-twitter\"><\/i><\/a><\/div>\t\t\t\t<\/div>\n\n\t\t\t<\/div>\n\t\t<\/div>\n\t\t\t<div class=\"item\">\n\t\t\t<div class=\"card\">\n\t\t\t\t\n\t\t\t\t<div class=\"card-img\" style=\"background-image:url('https:\/\/dev2.wfg-kreis-viersen.de\/wp-content\/uploads\/2022\/03\/wfg_Dr-Joachim-Schick_HS-Niederrhein_250x250px.jpg');\"><\/div>\n\t\t\t\t<div class=\"card-body\">\n\t\t\t\t\t<h5 class=\"card-title mb-0\">Dr. Joachim Schick<\/h5>\n\t\t\t\t\t<div class=\"position mb-3\">Leitung des Innovations- und Zukunftsb\u00fcros der Hochschule Niederrhein<\/div><div class=\"telefon\"><i class=\"fas fa-phone-alt\"><\/i> <a href=\"tel:49021518221528\">+49 (0)2151 - 8221-528<\/a><\/div>\t\t\t\t<\/div>\n\t\t\t\t<div class=\"card-footer\">\n\t\t\t\t<div class=\"social-media button-filled\"><a href=\"mailto:joachim.schick@hs-niederrhein.de\"><i class=\"fas fa-envelope\"><\/i><\/a><\/div>\t\t\t\t<\/div>\n\n\t\t\t<\/div>\n\t\t<\/div>\n\t<\/div>[vc_column_text]<p>[vc_row disable_element=&#8221;yes&#8221; el_class=&#8221;kontakt-icons&#8221;][vc_column width=&#8221;1\/3&#8243;][\/vc_column][vc_column width=&#8221;1\/3&#8243;][\/vc_column][vc_column width=&#8221;1\/3&#8243;][\/vc_column][\/vc_row][vc_row][vc_column width=&#8221;1\/12&#8243; offset=&#8221;vc_hidden-sm vc_hidden-xs&#8221;][\/vc_column][vc_column offset=&#8221;vc_col-md-10&#8243;][vc_row_inner el_class=&#8221;kontakt-icons&#8221;][vc_column_inner width=&#8221;1\/3&#8243; offset=&#8221;vc_col-xs-6&#8243;][vc_column_text el_class=&#8221;kontakt-icon kontakt-icon-medien&#8221;]<a class=\"stretched-link\" href=\"https:\/\/dev2.wfg-kreis-viersen.de\/en\/media\/\">Media<\/a>[\/vc_column_text][\/vc_column_inner][vc_column_inner width=&#8221;1\/3&#8243; offset=&#8221;vc_col-xs-6&#8243;][vc_column_text el_class=&#8221;kontakt-icon kontakt-icon-formular&#8221;]<a class=\"stretched-link\" href=\"https:\/\/dev2.wfg-kreis-viersen.de\/en\/contact\/\"><span class=\"d-none d-md-inline\">Write to us<\/span><span class=\"d-md-none\">Contact<\/span><\/a>[\/vc_column_text][\/vc_column_inner][vc_column_inner width=&#8221;1\/3&#8243; offset=&#8221;vc_col-xs-12&#8243;][vc_column_text el_class=&#8221;kontakt-icon kontakt-icon-telefon&#8221;]<a class=\"stretched-link\" href=\"tel:+492162817901\"><span class=\"d-none d-lg-inline\">Phone:<\/span><span class=\"d-lg-none\">Phone:<\/span> (0)2162 \u2013 8179-01<\/a>[\/vc_column_text][\/vc_column_inner][\/vc_row_inner][\/vc_column][vc_column width=&#8221;1\/12&#8243; offset=&#8221;vc_hidden-sm vc_hidden-xs&#8221;][\/vc_column][\/vc_row]<\/p>\n[\/vc_column_text][\/vc_column][\/vc_row]<\/p>\n","protected":false},"excerpt":{"rendered":"<p>[vc_row css=&#8221;.vc_custom_1644392584085{margin-bottom: 120px !important;}&#8221;][vc_column offset=&#8221;vc_col-lg-8 vc_col-md-10&#8243;][vc_column_text] Smart The future is smart [\/vc_column_text][vc_column_text css=&#8221;.vc_custom_1648730910200{margin-bottom: 15px !important;padding-top: 0px !important;}&#8221;]Digitalisation, technical progress and social change will change Germany in the coming years. The fourth industrial revolution has begun. Smart industry, people, machines and products are directly connected. Companies and staff must adapt to the changing work environment with [&hellip;]<\/p>\n","protected":false},"author":1,"featured_media":19855,"parent":0,"menu_order":0,"comment_status":"closed","ping_status":"closed","template":"","meta":{"inline_featured_image":false},"_links":{"self":[{"href":"https:\/\/dev2.wfg-kreis-viersen.de\/en\/wp-json\/wp\/v2\/pages\/20440"}],"collection":[{"href":"https:\/\/dev2.wfg-kreis-viersen.de\/en\/wp-json\/wp\/v2\/pages"}],"about":[{"href":"https:\/\/dev2.wfg-kreis-viersen.de\/en\/wp-json\/wp\/v2\/types\/page"}],"author":[{"embeddable":true,"href":"https:\/\/dev2.wfg-kreis-viersen.de\/en\/wp-json\/wp\/v2\/users\/1"}],"replies":[{"embeddable":true,"href":"https:\/\/dev2.wfg-kreis-viersen.de\/en\/wp-json\/wp\/v2\/comments?post=20440"}],"version-history":[{"count":3,"href":"https:\/\/dev2.wfg-kreis-viersen.de\/en\/wp-json\/wp\/v2\/pages\/20440\/revisions"}],"predecessor-version":[{"id":20669,"href":"https:\/\/dev2.wfg-kreis-viersen.de\/en\/wp-json\/wp\/v2\/pages\/20440\/revisions\/20669"}],"wp:featuredmedia":[{"embeddable":true,"href":"https:\/\/dev2.wfg-kreis-viersen.de\/en\/wp-json\/wp\/v2\/media\/19855"}],"wp:attachment":[{"href":"https:\/\/dev2.wfg-kreis-viersen.de\/en\/wp-json\/wp\/v2\/media?parent=20440"}],"curies":[{"name":"wp","href":"https:\/\/api.w.org\/{rel}","templated":true}]}}